{"id":1579,"date":"2025-03-13T08:45:17","date_gmt":"2025-03-13T07:45:17","guid":{"rendered":"https:\/\/leaveamarkgroup.com\/?page_id=1579"},"modified":"2025-05-06T22:06:48","modified_gmt":"2025-05-06T20:06:48","slug":"d-maerket","status":"publish","type":"page","link":"https:\/\/leaveamarkgroup.com\/en\/services\/d-maerket\/","title":{"rendered":"D-m\u00e6rket"},"content":{"rendered":"<div data-elementor-type=\"wp-page\" data-elementor-id=\"1579\" class=\"elementor elementor-1579\" data-elementor-post-type=\"page\">\n\t\t\t\t<div class=\"elementor-element elementor-element-5d14d0e e-flex e-con-boxed e-con e-parent\" data-id=\"5d14d0e\" data-element_type=\"container\" data-e-type=\"container\" data-settings=\"{&quot;background_background&quot;:&quot;classic&quot;}\">\n\t\t\t\t\t<div class=\"e-con-inner\">\n\t\t<div class=\"elementor-element elementor-element-e14a06e e-con-full e-flex e-con e-child\" data-id=\"e14a06e\" data-element_type=\"container\" data-e-type=\"container\">\n\t\t\t\t<div class=\"elementor-element elementor-element-3fa64b0 elementor-widget elementor-widget-heading\" data-id=\"3fa64b0\" data-element_type=\"widget\" data-e-type=\"widget\" data-widget_type=\"heading.default\">\n\t\t\t\t<div class=\"elementor-widget-container\">\n\t\t\t\t\t<h1 class=\"elementor-heading-title elementor-size-default\">D-m\u00e6rket<\/h1>\t\t\t\t<\/div>\n\t\t\t\t<\/div>\n\t\t\t\t<div class=\"elementor-element elementor-element-6090337 elementor-widget__width-initial elementor-widget elementor-widget-text-editor\" data-id=\"6090337\" data-element_type=\"widget\" data-e-type=\"widget\" data-widget_type=\"text-editor.default\">\n\t\t\t\t<div class=\"elementor-widget-container\">\n\t\t\t\t\t\t\t\t\t<p>The D-M\u00e6rket is a Danish certification label for IT security and responsible data use.\nBy choosing the D-M\u00e6rket, companies demonstrate that they prioritize customer data and adhere to recognized standards. Implementing the D-M\u00e6rket provides key benefits such as increased credibility, regulatory compliance, and stronger customer relationships.<\/p>\t\t\t\t\t\t\t\t<\/div>\n\t\t\t\t<\/div>\n\t\t\t\t<div class=\"elementor-element elementor-element-eae77d6 elementor-align-left elementor-widget elementor-widget-breadcrumbs\" data-id=\"eae77d6\" data-element_type=\"widget\" data-e-type=\"widget\" data-widget_type=\"breadcrumbs.default\">\n\t\t\t\t<div class=\"elementor-widget-container\">\n\t\t\t\t\t<p id=\"breadcrumbs\"><span><span><a href=\"https:\/\/leaveamarkgroup.com\/en\/\">Home<\/a><\/span><\/span><\/p>\t\t\t\t<\/div>\n\t\t\t\t<\/div>\n\t\t\t\t<\/div>\n\t\t<div class=\"elementor-element elementor-element-a1959a5 elementor-hidden-mobile e-flex e-con-boxed e-con e-child\" data-id=\"a1959a5\" data-element_type=\"container\" data-e-type=\"container\">\n\t\t\t\t\t<div class=\"e-con-inner\">\n\t\t\t\t<div class=\"elementor-element elementor-element-fdd4616 elementor-widget elementor-widget-button\" data-id=\"fdd4616\" data-element_type=\"widget\" data-e-type=\"widget\" data-widget_type=\"button.default\">\n\t\t\t\t<div class=\"elementor-widget-container\">\n\t\t\t\t\t\t\t\t\t<div class=\"elementor-button-wrapper\">\n\t\t\t\t\t<a class=\"elementor-button elementor-button-link elementor-size-sm\" href=\"mailto:konsulent@leaveamarkgroup.com\">\n\t\t\t\t\t\t<span class=\"elementor-button-content-wrapper\">\n\t\t\t\t\t\t<span class=\"elementor-button-icon\">\n\t\t\t\t<i aria-hidden=\"true\" class=\"fas fa-envelope\"><\/i>\t\t\t<\/span>\n\t\t\t\t\t\t\t\t\t<span class=\"elementor-button-text\">konsulent@leaveamarkgroup.com<\/span>\n\t\t\t\t\t<\/span>\n\t\t\t\t\t<\/a>\n\t\t\t\t<\/div>\n\t\t\t\t\t\t\t\t<\/div>\n\t\t\t\t<\/div>\n\t\t\t\t<div class=\"elementor-element elementor-element-3a25a2c elementor-widget elementor-widget-button\" data-id=\"3a25a2c\" data-element_type=\"widget\" data-e-type=\"widget\" data-widget_type=\"button.default\">\n\t\t\t\t<div class=\"elementor-widget-container\">\n\t\t\t\t\t\t\t\t\t<div class=\"elementor-button-wrapper\">\n\t\t\t\t\t<a class=\"elementor-button elementor-button-link elementor-size-sm\" href=\"tel:+4553527000\">\n\t\t\t\t\t\t<span class=\"elementor-button-content-wrapper\">\n\t\t\t\t\t\t<span class=\"elementor-button-icon\">\n\t\t\t\t<i aria-hidden=\"true\" class=\"fas fa-phone\"><\/i>\t\t\t<\/span>\n\t\t\t\t\t\t\t\t\t<span class=\"elementor-button-text\">+45 535 27000<\/span>\n\t\t\t\t\t<\/span>\n\t\t\t\t\t<\/a>\n\t\t\t\t<\/div>\n\t\t\t\t\t\t\t\t<\/div>\n\t\t\t\t<\/div>\n\t\t\t\t<div class=\"elementor-element elementor-element-2fb695d elementor-view-stacked elementor-shape-circle elementor-widget elementor-widget-icon\" data-id=\"2fb695d\" data-element_type=\"widget\" data-e-type=\"widget\" data-widget_type=\"icon.default\">\n\t\t\t\t<div class=\"elementor-widget-container\">\n\t\t\t\t\t\t\t<div class=\"elementor-icon-wrapper\">\n\t\t\t<a class=\"elementor-icon\" href=\"https:\/\/www.facebook.com\/Leaveamarkgroup\" target=\"_blank\">\n\t\t\t<i aria-hidden=\"true\" class=\"fab fa-facebook-f\"><\/i>\t\t\t<\/a>\n\t\t<\/div>\n\t\t\t\t\t\t<\/div>\n\t\t\t\t<\/div>\n\t\t\t\t<div class=\"elementor-element elementor-element-567e1a8 elementor-view-stacked elementor-shape-circle elementor-widget elementor-widget-icon\" data-id=\"567e1a8\" data-element_type=\"widget\" data-e-type=\"widget\" data-widget_type=\"icon.default\">\n\t\t\t\t<div class=\"elementor-widget-container\">\n\t\t\t\t\t\t\t<div class=\"elementor-icon-wrapper\">\n\t\t\t<a class=\"elementor-icon\" href=\"https:\/\/www.linkedin.com\/company\/leave-a-mark-consulting-group-aps\/\" target=\"_blank\">\n\t\t\t<i aria-hidden=\"true\" class=\"fab fa-linkedin-in\"><\/i>\t\t\t<\/a>\n\t\t<\/div>\n\t\t\t\t\t\t<\/div>\n\t\t\t\t<\/div>\n\t\t\t\t\t<\/div>\n\t\t\t\t<\/div>\n\t\t\t\t\t<\/div>\n\t\t\t\t<\/div>\n\t\t<div class=\"elementor-element elementor-element-b0b5c93 e-flex e-con-boxed e-con e-parent\" data-id=\"b0b5c93\" data-element_type=\"container\" data-e-type=\"container\" data-settings=\"{&quot;background_background&quot;:&quot;classic&quot;}\">\n\t\t\t\t\t<div class=\"e-con-inner\">\n\t\t<div class=\"elementor-element elementor-element-77a844b e-con-full e-flex e-con e-child\" data-id=\"77a844b\" data-element_type=\"container\" data-e-type=\"container\" data-settings=\"{&quot;background_background&quot;:&quot;classic&quot;}\">\n\t\t\t\t<\/div>\n\t\t<div class=\"elementor-element elementor-element-af697ed e-con-full e-flex e-con e-child\" data-id=\"af697ed\" data-element_type=\"container\" data-e-type=\"container\" data-settings=\"{&quot;background_background&quot;:&quot;classic&quot;}\">\n\t\t\t\t<div class=\"elementor-element elementor-element-341f79d elementor-widget elementor-widget-heading\" data-id=\"341f79d\" data-element_type=\"widget\" data-e-type=\"widget\" data-widget_type=\"heading.default\">\n\t\t\t\t<div class=\"elementor-widget-container\">\n\t\t\t\t\t<h2 class=\"elementor-heading-title elementor-size-default\">What is D-m\u00e6rket?<\/h2>\t\t\t\t<\/div>\n\t\t\t\t<\/div>\n\t\t\t\t<div class=\"elementor-element elementor-element-2c79f56 elementor-widget elementor-widget-text-editor\" data-id=\"2c79f56\" data-element_type=\"widget\" data-e-type=\"widget\" data-widget_type=\"text-editor.default\">\n\t\t\t\t<div class=\"elementor-widget-container\">\n\t\t\t\t\t\t\t\t\t<p>The world\u2019s first certification scheme for digital responsibility is now live \u2014 and several companies have already earned the label. The D-M\u00e6rket is developed by Industriens Fond, in collaboration with Confederation of Danish Industry, Danish Chamber of Commerce, SMVdanmark, and The Danish Consumer Council. Its goal is to make IT security and responsible data use a strategic advantage for Danish companies.<\/p><p>The D-M\u00e6rket is Denmark\u2019s new certification label for IT security and responsible data use. It creates digital trust among customers and consumers, and promotes digital responsibility within organizations.<\/p><p>By doing so, it helps prevent a potential digital trust crisis between the public, businesses, and government institutions.<\/p>\t\t\t\t\t\t\t\t<\/div>\n\t\t\t\t<\/div>\n\t\t\t\t<div class=\"elementor-element elementor-element-e7c44df elementor-widget elementor-widget-heading\" data-id=\"e7c44df\" data-element_type=\"widget\" data-e-type=\"widget\" data-widget_type=\"heading.default\">\n\t\t\t\t<div class=\"elementor-widget-container\">\n\t\t\t\t\t<h3 class=\"elementor-heading-title elementor-size-default\">Why Choose the D-M\u00e6rket?<\/h3>\t\t\t\t<\/div>\n\t\t\t\t<\/div>\n\t\t\t\t<div class=\"elementor-element elementor-element-e668336 elementor-widget elementor-widget-text-editor\" data-id=\"e668336\" data-element_type=\"widget\" data-e-type=\"widget\" data-widget_type=\"text-editor.default\">\n\t\t\t\t<div class=\"elementor-widget-container\">\n\t\t\t\t\t\t\t\t\t<p>First and foremost, the D-M\u00e6rket enhances your company\u2019s credibility. It is a recognized certification for IT security and responsible data use. It also ensures that your organization complies with internationally recognized standards and guidelines. This supports compliance with legal requirements and helps avoid potential fines or sanctions related to data protection.<\/p><p>The D-M\u00e6rket also helps build trust among your customers and partners. It demonstrates that you take their privacy and data protection seriously \u2014 which can lead to increased customer loyalty and positive referrals.<\/p><p>You can learn more about the certification criteria by visiting the official <a href=\"https:\/\/www.d-maerket.dk\/bliv-d-maerket\/kriterier\" target=\"_blank\" rel=\"noopener\">D-M\u00e6rket website<\/a>.<\/p>\t\t\t\t\t\t\t\t<\/div>\n\t\t\t\t<\/div>\n\t\t\t\t<\/div>\n\t\t\t\t\t<\/div>\n\t\t\t\t<\/div>\n\t\t<div class=\"elementor-element elementor-element-b72e911 e-flex e-con-boxed e-con e-parent\" data-id=\"b72e911\" data-element_type=\"container\" data-e-type=\"container\">\n\t\t\t\t\t<div class=\"e-con-inner\">\n\t\t<div class=\"elementor-element elementor-element-d88a6a2 e-con-full e-flex e-con e-child\" data-id=\"d88a6a2\" data-element_type=\"container\" data-e-type=\"container\" data-settings=\"{&quot;background_background&quot;:&quot;classic&quot;}\">\n\t\t\t\t<div class=\"elementor-element elementor-element-951e17f elementor-widget elementor-widget-heading\" data-id=\"951e17f\" data-element_type=\"widget\" data-e-type=\"widget\" data-widget_type=\"heading.default\">\n\t\t\t\t<div class=\"elementor-widget-container\">\n\t\t\t\t\t<h2 class=\"elementor-heading-title elementor-size-default\">Benefits of choosing D-m\u00e6rket<\/h2>\t\t\t\t<\/div>\n\t\t\t\t<\/div>\n\t\t\t\t<div class=\"elementor-element elementor-element-92c5ac2 elementor-icon-list--layout-traditional elementor-list-item-link-full_width elementor-widget elementor-widget-icon-list\" data-id=\"92c5ac2\" data-element_type=\"widget\" data-e-type=\"widget\" data-widget_type=\"icon-list.default\">\n\t\t\t\t<div class=\"elementor-widget-container\">\n\t\t\t\t\t\t\t<ul class=\"elementor-icon-list-items\">\n\t\t\t\t\t\t\t<li class=\"elementor-icon-list-item\">\n\t\t\t\t\t\t\t\t\t\t\t<span class=\"elementor-icon-list-icon\">\n\t\t\t\t\t\t\t<i aria-hidden=\"true\" class=\"far fa-minus\"><\/i>\t\t\t\t\t\t<\/span>\n\t\t\t\t\t\t\t\t\t\t<span class=\"elementor-icon-list-text\">Increased credibility and trustworthiness<\/span>\n\t\t\t\t\t\t\t\t\t<\/li>\n\t\t\t\t\t\t\t\t<li class=\"elementor-icon-list-item\">\n\t\t\t\t\t\t\t\t\t\t\t<span class=\"elementor-icon-list-icon\">\n\t\t\t\t\t\t\t<i aria-hidden=\"true\" class=\"far fa-minus\"><\/i>\t\t\t\t\t\t<\/span>\n\t\t\t\t\t\t\t\t\t\t<span class=\"elementor-icon-list-text\">Clear differentiation from competitors<\/span>\n\t\t\t\t\t\t\t\t\t<\/li>\n\t\t\t\t\t\t\t\t<li class=\"elementor-icon-list-item\">\n\t\t\t\t\t\t\t\t\t\t\t<span class=\"elementor-icon-list-icon\">\n\t\t\t\t\t\t\t<i aria-hidden=\"true\" class=\"far fa-minus\"><\/i>\t\t\t\t\t\t<\/span>\n\t\t\t\t\t\t\t\t\t\t<span class=\"elementor-icon-list-text\">Compliance with recognized standards and guidelines<\/span>\n\t\t\t\t\t\t\t\t\t<\/li>\n\t\t\t\t\t\t\t\t<li class=\"elementor-icon-list-item\">\n\t\t\t\t\t\t\t\t\t\t\t<span class=\"elementor-icon-list-icon\">\n\t\t\t\t\t\t\t<i aria-hidden=\"true\" class=\"far fa-minus\"><\/i>\t\t\t\t\t\t<\/span>\n\t\t\t\t\t\t\t\t\t\t<span class=\"elementor-icon-list-text\">Builds trust among customers and business partners<\/span>\n\t\t\t\t\t\t\t\t\t<\/li>\n\t\t\t\t\t\t\t\t<li class=\"elementor-icon-list-item\">\n\t\t\t\t\t\t\t\t\t\t\t<span class=\"elementor-icon-list-icon\">\n\t\t\t\t\t\t\t<i aria-hidden=\"true\" class=\"far fa-minus\"><\/i>\t\t\t\t\t\t<\/span>\n\t\t\t\t\t\t\t\t\t\t<span class=\"elementor-icon-list-text\">Opens the door to new business opportunities<\/span>\n\t\t\t\t\t\t\t\t\t<\/li>\n\t\t\t\t\t\t\t\t<li class=\"elementor-icon-list-item\">\n\t\t\t\t\t\t\t\t\t\t\t<span class=\"elementor-icon-list-icon\">\n\t\t\t\t\t\t\t<i aria-hidden=\"true\" class=\"far fa-minus\"><\/i>\t\t\t\t\t\t<\/span>\n\t\t\t\t\t\t\t\t\t\t<span class=\"elementor-icon-list-text\">Signals a strong commitment to IT security and responsible data use<\/span>\n\t\t\t\t\t\t\t\t\t<\/li>\n\t\t\t\t\t\t\t\t<li class=\"elementor-icon-list-item\">\n\t\t\t\t\t\t\t\t\t\t\t<span class=\"elementor-icon-list-icon\">\n\t\t\t\t\t\t\t<i aria-hidden=\"true\" class=\"far fa-minus\"><\/i>\t\t\t\t\t\t<\/span>\n\t\t\t\t\t\t\t\t\t\t<span class=\"elementor-icon-list-text\">Enhances your company\u2019s image and reputation<\/span>\n\t\t\t\t\t\t\t\t\t<\/li>\n\t\t\t\t\t\t\t\t<li class=\"elementor-icon-list-item\">\n\t\t\t\t\t\t\t\t\t\t\t<span class=\"elementor-icon-list-icon\">\n\t\t\t\t\t\t\t<i aria-hidden=\"true\" class=\"far fa-minus\"><\/i>\t\t\t\t\t\t<\/span>\n\t\t\t\t\t\t\t\t\t\t<span class=\"elementor-icon-list-text\">Helps prevent digital trust crises<\/span>\n\t\t\t\t\t\t\t\t\t<\/li>\n\t\t\t\t\t\t\t\t<li class=\"elementor-icon-list-item\">\n\t\t\t\t\t\t\t\t\t\t\t<span class=\"elementor-icon-list-icon\">\n\t\t\t\t\t\t\t<i aria-hidden=\"true\" class=\"far fa-minus\"><\/i>\t\t\t\t\t\t<\/span>\n\t\t\t\t\t\t\t\t\t\t<span class=\"elementor-icon-list-text\">Strengthens customer relationships and loyalty<\/span>\n\t\t\t\t\t\t\t\t\t<\/li>\n\t\t\t\t\t\t\t\t<li class=\"elementor-icon-list-item\">\n\t\t\t\t\t\t\t\t\t\t\t<span class=\"elementor-icon-list-icon\">\n\t\t\t\t\t\t\t<i aria-hidden=\"true\" class=\"far fa-minus\"><\/i>\t\t\t\t\t\t<\/span>\n\t\t\t\t\t\t\t\t\t\t<span class=\"elementor-icon-list-text\">Supports the protection of data and privacy<\/span>\n\t\t\t\t\t\t\t\t\t<\/li>\n\t\t\t\t\t\t<\/ul>\n\t\t\t\t\t\t<\/div>\n\t\t\t\t<\/div>\n\t\t\t\t<\/div>\n\t\t<div class=\"elementor-element elementor-element-7efb999 e-con-full e-flex e-con e-child\" data-id=\"7efb999\" data-element_type=\"container\" data-e-type=\"container\" data-settings=\"{&quot;background_background&quot;:&quot;classic&quot;}\">\n\t\t\t\t<\/div>\n\t\t\t\t\t<\/div>\n\t\t\t\t<\/div>\n\t\t<div class=\"elementor-element elementor-element-df4489b e-flex e-con-boxed e-con e-parent\" data-id=\"df4489b\" data-element_type=\"container\" data-e-type=\"container\">\n\t\t\t\t\t<div class=\"e-con-inner\">\n\t\t<div class=\"elementor-element elementor-element-5f420f8 e-con-full e-flex e-con e-child\" data-id=\"5f420f8\" data-element_type=\"container\" data-e-type=\"container\" data-settings=\"{&quot;background_background&quot;:&quot;classic&quot;}\">\n\t\t\t\t<div class=\"elementor-element elementor-element-afb0445 elementor-widget elementor-widget-heading\" data-id=\"afb0445\" data-element_type=\"widget\" data-e-type=\"widget\" data-widget_type=\"heading.default\">\n\t\t\t\t<div class=\"elementor-widget-container\">\n\t\t\t\t\t<h2 class=\"elementor-heading-title elementor-size-default\">Who Should Choose D-M\u00e6rket?<\/h2>\t\t\t\t<\/div>\n\t\t\t\t<\/div>\n\t\t\t\t<div class=\"elementor-element elementor-element-b1005f5 elementor-widget elementor-widget-text-editor\" data-id=\"b1005f5\" data-element_type=\"widget\" data-e-type=\"widget\" data-widget_type=\"text-editor.default\">\n\t\t\t\t<div class=\"elementor-widget-container\">\n\t\t\t\t\t\t\t\t\t<p>The D-M\u00e6rket is relevant for businesses of all types and sizes. It is built on internationally recognized frameworks developed by European and national councils, committees, and working groups \u2014 making it suitable not only for the Danish market but also for broader European and internationally oriented companies.<\/p><p>At Leave a Mark, we have contributed input and served as advisors in the development of the D-M\u00e6rket. This gives us deep insight into what it takes to achieve D-M\u00e6rket certification and how to guide your organization through the process efficiently and confidently.<\/p>\t\t\t\t\t\t\t\t<\/div>\n\t\t\t\t<\/div>\n\t\t\t\t<\/div>\n\t\t<div class=\"elementor-element elementor-element-800ff83 e-con-full e-flex e-con e-child\" data-id=\"800ff83\" data-element_type=\"container\" data-e-type=\"container\" data-settings=\"{&quot;background_background&quot;:&quot;classic&quot;}\">\n\t\t\t\t<\/div>\n\t\t\t\t\t<\/div>\n\t\t\t\t<\/div>\n\t\t\t\t<\/div>","protected":false},"excerpt":{"rendered":"<p>D-m\u00e6rket D-m\u00e6rket er en m\u00e6rkningsordning for it-sikkerhed og ansvarlig dataanvendelse. Ved at v\u00e6lge D-m\u00e6rket viser virksomheder, at de prioriterer kundedata og f\u00f8lger standarder. Implementeringen medf\u00f8lger fordele som \u00f8get trov\u00e6rdighed, overholdelse af standarder og styrkede kunderelationer. konsulent@leaveamarkgroup.com +45 535 27000 Hvad er D-m\u00e6rket? Verdens f\u00f8rste m\u00e6rkningsordning for digital ansvarlighed er nu p\u00e5 gaden og flere virksomheder [&hellip;]<\/p>\n","protected":false},"author":1,"featured_media":0,"parent":1567,"menu_order":0,"comment_status":"closed","ping_status":"closed","template":"elementor_header_footer","meta":{"footnotes":""},"class_list":["post-1579","page","type-page","status-publish","hentry"],"yoast_head":"<!-- This site is optimized with the Yoast SEO plugin v27.3 - https:\/\/yoast.com\/product\/yoast-seo-wordpress\/ -->\n<title>D-m\u00e6rket \u2013 styrk tillid og ansvarlig dataanvendelse<\/title>\n<meta name=\"description\" content=\"Bliv D-m\u00e6rket certificeret og vis ansvarlighed i it-sikkerhed og databrug \u2013 skab digital tryghed og styrk din virksomheds trov\u00e6rdighed.\" \/>\n<meta name=\"robots\" content=\"index, follow, max-snippet:-1, max-image-preview:large, max-video-preview:-1\" \/>\n<link rel=\"canonical\" href=\"https:\/\/leaveamarkgroup.com\/en\/services\/d-maerket\/\" \/>\n<meta property=\"og:locale\" content=\"en_GB\" \/>\n<meta property=\"og:type\" content=\"article\" \/>\n<meta property=\"og:title\" content=\"D-m\u00e6rket \u2013 styrk tillid og ansvarlig dataanvendelse\" \/>\n<meta property=\"og:description\" content=\"Bliv D-m\u00e6rket certificeret og vis ansvarlighed i it-sikkerhed og databrug \u2013 skab digital tryghed og styrk din virksomheds trov\u00e6rdighed.\" \/>\n<meta property=\"og:url\" content=\"https:\/\/leaveamarkgroup.com\/en\/services\/d-maerket\/\" \/>\n<meta property=\"og:site_name\" content=\"Leave A Mark Consulting Group\" \/>\n<meta property=\"article:modified_time\" content=\"2025-05-06T20:06:48+00:00\" \/>\n<meta name=\"twitter:card\" content=\"summary_large_image\" \/>\n<meta name=\"twitter:label1\" content=\"Estimated reading time\" \/>\n\t<meta name=\"twitter:data1\" content=\"2 minutes\" \/>\n<script type=\"application\/ld+json\" class=\"yoast-schema-graph\">{\"@context\":\"https:\\\/\\\/schema.org\",\"@graph\":[{\"@type\":\"WebPage\",\"@id\":\"https:\\\/\\\/leaveamarkgroup.com\\\/services\\\/d-maerket\\\/\",\"url\":\"https:\\\/\\\/leaveamarkgroup.com\\\/services\\\/d-maerket\\\/\",\"name\":\"D-m\u00e6rket \u2013 styrk tillid og ansvarlig dataanvendelse\",\"isPartOf\":{\"@id\":\"https:\\\/\\\/leaveamarkgroup.com\\\/#website\"},\"datePublished\":\"2025-03-13T07:45:17+00:00\",\"dateModified\":\"2025-05-06T20:06:48+00:00\",\"description\":\"Bliv D-m\u00e6rket certificeret og vis ansvarlighed i it-sikkerhed og databrug \u2013 skab digital tryghed og styrk din virksomheds trov\u00e6rdighed.\",\"breadcrumb\":{\"@id\":\"https:\\\/\\\/leaveamarkgroup.com\\\/services\\\/d-maerket\\\/#breadcrumb\"},\"inLanguage\":\"en-GB\",\"potentialAction\":[{\"@type\":\"ReadAction\",\"target\":[\"https:\\\/\\\/leaveamarkgroup.com\\\/services\\\/d-maerket\\\/\"]}]},{\"@type\":\"BreadcrumbList\",\"@id\":\"https:\\\/\\\/leaveamarkgroup.com\\\/services\\\/d-maerket\\\/#breadcrumb\",\"itemListElement\":[{\"@type\":\"ListItem\",\"position\":1,\"name\":\"Forside\",\"item\":\"https:\\\/\\\/leaveamarkgroup.com\\\/\"},{\"@type\":\"ListItem\",\"position\":2,\"name\":\"Services\",\"item\":\"https:\\\/\\\/leaveamarkgroup.com\\\/services\\\/\"},{\"@type\":\"ListItem\",\"position\":3,\"name\":\"D-m\u00e6rket\"}]},{\"@type\":\"WebSite\",\"@id\":\"https:\\\/\\\/leaveamarkgroup.com\\\/#website\",\"url\":\"https:\\\/\\\/leaveamarkgroup.com\\\/\",\"name\":\"Leave A Mark Consulting Group\",\"description\":\"\",\"publisher\":{\"@id\":\"https:\\\/\\\/leaveamarkgroup.com\\\/#organization\"},\"potentialAction\":[{\"@type\":\"SearchAction\",\"target\":{\"@type\":\"EntryPoint\",\"urlTemplate\":\"https:\\\/\\\/leaveamarkgroup.com\\\/?s={search_term_string}\"},\"query-input\":{\"@type\":\"PropertyValueSpecification\",\"valueRequired\":true,\"valueName\":\"search_term_string\"}}],\"inLanguage\":\"en-GB\"},{\"@type\":\"Organization\",\"@id\":\"https:\\\/\\\/leaveamarkgroup.com\\\/#organization\",\"name\":\"Leave A Mark Consulting Group\",\"url\":\"https:\\\/\\\/leaveamarkgroup.com\\\/\",\"logo\":{\"@type\":\"ImageObject\",\"inLanguage\":\"en-GB\",\"@id\":\"https:\\\/\\\/leaveamarkgroup.com\\\/#\\\/schema\\\/logo\\\/image\\\/\",\"url\":\"https:\\\/\\\/leaveamarkgroup.com\\\/wp-content\\\/uploads\\\/logo-primary.svg\",\"contentUrl\":\"https:\\\/\\\/leaveamarkgroup.com\\\/wp-content\\\/uploads\\\/logo-primary.svg\",\"width\":432,\"height\":195,\"caption\":\"Leave A Mark Consulting Group\"},\"image\":{\"@id\":\"https:\\\/\\\/leaveamarkgroup.com\\\/#\\\/schema\\\/logo\\\/image\\\/\"},\"sameAs\":[\"https:\\\/\\\/www.linkedin.com\\\/company\\\/leave-a-mark-consulting-group-aps\\\/?viewAsMember=true\"]}]}<\/script>\n<!-- \/ Yoast SEO plugin. -->","yoast_head_json":{"title":"D-m\u00e6rket \u2013 styrk tillid og ansvarlig dataanvendelse","description":"Bliv D-m\u00e6rket certificeret og vis ansvarlighed i it-sikkerhed og databrug \u2013 skab digital tryghed og styrk din virksomheds trov\u00e6rdighed.","robots":{"index":"index","follow":"follow","max-snippet":"max-snippet:-1","max-image-preview":"max-image-preview:large","max-video-preview":"max-video-preview:-1"},"canonical":"https:\/\/leaveamarkgroup.com\/en\/services\/d-maerket\/","og_locale":"en_GB","og_type":"article","og_title":"D-m\u00e6rket \u2013 styrk tillid og ansvarlig dataanvendelse","og_description":"Bliv D-m\u00e6rket certificeret og vis ansvarlighed i it-sikkerhed og databrug \u2013 skab digital tryghed og styrk din virksomheds trov\u00e6rdighed.","og_url":"https:\/\/leaveamarkgroup.com\/en\/services\/d-maerket\/","og_site_name":"Leave A Mark Consulting Group","article_modified_time":"2025-05-06T20:06:48+00:00","twitter_card":"summary_large_image","twitter_misc":{"Estimated reading time":"2 minutes"},"schema":{"@context":"https:\/\/schema.org","@graph":[{"@type":"WebPage","@id":"https:\/\/leaveamarkgroup.com\/services\/d-maerket\/","url":"https:\/\/leaveamarkgroup.com\/services\/d-maerket\/","name":"D-m\u00e6rket \u2013 styrk tillid og ansvarlig dataanvendelse","isPartOf":{"@id":"https:\/\/leaveamarkgroup.com\/#website"},"datePublished":"2025-03-13T07:45:17+00:00","dateModified":"2025-05-06T20:06:48+00:00","description":"Bliv D-m\u00e6rket certificeret og vis ansvarlighed i it-sikkerhed og databrug \u2013 skab digital tryghed og styrk din virksomheds trov\u00e6rdighed.","breadcrumb":{"@id":"https:\/\/leaveamarkgroup.com\/services\/d-maerket\/#breadcrumb"},"inLanguage":"en-GB","potentialAction":[{"@type":"ReadAction","target":["https:\/\/leaveamarkgroup.com\/services\/d-maerket\/"]}]},{"@type":"BreadcrumbList","@id":"https:\/\/leaveamarkgroup.com\/services\/d-maerket\/#breadcrumb","itemListElement":[{"@type":"ListItem","position":1,"name":"Forside","item":"https:\/\/leaveamarkgroup.com\/"},{"@type":"ListItem","position":2,"name":"Services","item":"https:\/\/leaveamarkgroup.com\/services\/"},{"@type":"ListItem","position":3,"name":"D-m\u00e6rket"}]},{"@type":"WebSite","@id":"https:\/\/leaveamarkgroup.com\/#website","url":"https:\/\/leaveamarkgroup.com\/","name":"Leave A Mark Consulting Group","description":"","publisher":{"@id":"https:\/\/leaveamarkgroup.com\/#organization"},"potentialAction":[{"@type":"SearchAction","target":{"@type":"EntryPoint","urlTemplate":"https:\/\/leaveamarkgroup.com\/?s={search_term_string}"},"query-input":{"@type":"PropertyValueSpecification","valueRequired":true,"valueName":"search_term_string"}}],"inLanguage":"en-GB"},{"@type":"Organization","@id":"https:\/\/leaveamarkgroup.com\/#organization","name":"Leave A Mark Consulting Group","url":"https:\/\/leaveamarkgroup.com\/","logo":{"@type":"ImageObject","inLanguage":"en-GB","@id":"https:\/\/leaveamarkgroup.com\/#\/schema\/logo\/image\/","url":"https:\/\/leaveamarkgroup.com\/wp-content\/uploads\/logo-primary.svg","contentUrl":"https:\/\/leaveamarkgroup.com\/wp-content\/uploads\/logo-primary.svg","width":432,"height":195,"caption":"Leave A Mark Consulting Group"},"image":{"@id":"https:\/\/leaveamarkgroup.com\/#\/schema\/logo\/image\/"},"sameAs":["https:\/\/www.linkedin.com\/company\/leave-a-mark-consulting-group-aps\/?viewAsMember=true"]}]}},"_links":{"self":[{"href":"https:\/\/leaveamarkgroup.com\/en\/wp-json\/wp\/v2\/pages\/1579","targetHints":{"allow":["GET"]}}],"collection":[{"href":"https:\/\/leaveamarkgroup.com\/en\/wp-json\/wp\/v2\/pages"}],"about":[{"href":"https:\/\/leaveamarkgroup.com\/en\/wp-json\/wp\/v2\/types\/page"}],"author":[{"embeddable":true,"href":"https:\/\/leaveamarkgroup.com\/en\/wp-json\/wp\/v2\/users\/1"}],"replies":[{"embeddable":true,"href":"https:\/\/leaveamarkgroup.com\/en\/wp-json\/wp\/v2\/comments?post=1579"}],"version-history":[{"count":10,"href":"https:\/\/leaveamarkgroup.com\/en\/wp-json\/wp\/v2\/pages\/1579\/revisions"}],"predecessor-version":[{"id":2671,"href":"https:\/\/leaveamarkgroup.com\/en\/wp-json\/wp\/v2\/pages\/1579\/revisions\/2671"}],"up":[{"embeddable":true,"href":"https:\/\/leaveamarkgroup.com\/en\/wp-json\/wp\/v2\/pages\/1567"}],"wp:attachment":[{"href":"https:\/\/leaveamarkgroup.com\/en\/wp-json\/wp\/v2\/media?parent=1579"}],"curies":[{"name":"wp","href":"https:\/\/api.w.org\/{rel}","templated":true}]}}