{"id":1604,"date":"2025-03-13T08:50:31","date_gmt":"2025-03-13T07:50:31","guid":{"rendered":"https:\/\/leaveamarkgroup.com\/?page_id=1604"},"modified":"2025-05-06T13:04:05","modified_gmt":"2025-05-06T11:04:05","slug":"esg-politik","status":"publish","type":"page","link":"https:\/\/leaveamarkgroup.com\/en\/esg-politik\/","title":{"rendered":"ESG Policy"},"content":{"rendered":"<div data-elementor-type=\"wp-page\" data-elementor-id=\"1604\" class=\"elementor elementor-1604\" data-elementor-post-type=\"page\">\n\t\t\t\t<div class=\"elementor-element elementor-element-06bcbdc e-flex e-con-boxed e-con e-parent\" data-id=\"06bcbdc\" data-element_type=\"container\" data-e-type=\"container\" data-settings=\"{&quot;background_background&quot;:&quot;classic&quot;}\">\n\t\t\t\t\t<div class=\"e-con-inner\">\n\t\t<div class=\"elementor-element elementor-element-810692c e-con-full e-flex e-con e-child\" data-id=\"810692c\" data-element_type=\"container\" data-e-type=\"container\">\n\t\t\t\t<div class=\"elementor-element elementor-element-6324d1c elementor-widget elementor-widget-heading\" data-id=\"6324d1c\" data-element_type=\"widget\" data-e-type=\"widget\" data-widget_type=\"heading.default\">\n\t\t\t\t<div class=\"elementor-widget-container\">\n\t\t\t\t\t<h1 class=\"elementor-heading-title elementor-size-default\">ESG-politik for Leave A Mark Group<\/h1>\t\t\t\t<\/div>\n\t\t\t\t<\/div>\n\t\t\t\t<div class=\"elementor-element elementor-element-ee60cf0 elementor-widget__width-initial elementor-widget elementor-widget-text-editor\" data-id=\"ee60cf0\" data-element_type=\"widget\" data-e-type=\"widget\" data-widget_type=\"text-editor.default\">\n\t\t\t\t<div class=\"elementor-widget-container\">\n\t\t\t\t\t\t\t\t\t<p>Leave A Mark Group forpligter sig til at fremme b\u00e6redygtige og etiske forretningspraksis i alle aspekter af vores drift og services. Vi anerkender betydningen af milj\u00f8m\u00e6ssige, sociale og corporate governance faktorer i at skabe langvarig v\u00e6rdi for vores interessenter og for samfundet som helhed.<\/p>\t\t\t\t\t\t\t\t<\/div>\n\t\t\t\t<\/div>\n\t\t\t\t<div class=\"elementor-element elementor-element-530c276 elementor-align-left elementor-widget elementor-widget-breadcrumbs\" data-id=\"530c276\" data-element_type=\"widget\" data-e-type=\"widget\" data-widget_type=\"breadcrumbs.default\">\n\t\t\t\t<div class=\"elementor-widget-container\">\n\t\t\t\t\t<p id=\"breadcrumbs\"><span><span><a href=\"https:\/\/leaveamarkgroup.com\/en\/\">Home<\/a><\/span><\/span><\/p>\t\t\t\t<\/div>\n\t\t\t\t<\/div>\n\t\t\t\t<\/div>\n\t\t<div class=\"elementor-element elementor-element-412068e elementor-hidden-mobile e-flex e-con-boxed e-con e-child\" data-id=\"412068e\" data-element_type=\"container\" data-e-type=\"container\">\n\t\t\t\t\t<div class=\"e-con-inner\">\n\t\t\t\t<div class=\"elementor-element elementor-element-88f4393 elementor-widget elementor-widget-button\" data-id=\"88f4393\" data-element_type=\"widget\" data-e-type=\"widget\" data-widget_type=\"button.default\">\n\t\t\t\t<div class=\"elementor-widget-container\">\n\t\t\t\t\t\t\t\t\t<div class=\"elementor-button-wrapper\">\n\t\t\t\t\t<a class=\"elementor-button elementor-button-link elementor-size-sm\" href=\"mailto:konsulent@leaveamarkgroup.com\">\n\t\t\t\t\t\t<span class=\"elementor-button-content-wrapper\">\n\t\t\t\t\t\t<span class=\"elementor-button-icon\">\n\t\t\t\t<i aria-hidden=\"true\" class=\"fas fa-envelope\"><\/i>\t\t\t<\/span>\n\t\t\t\t\t\t\t\t\t<span class=\"elementor-button-text\">konsulent@leaveamarkgroup.com<\/span>\n\t\t\t\t\t<\/span>\n\t\t\t\t\t<\/a>\n\t\t\t\t<\/div>\n\t\t\t\t\t\t\t\t<\/div>\n\t\t\t\t<\/div>\n\t\t\t\t<div class=\"elementor-element elementor-element-d8ab0c2 elementor-widget elementor-widget-button\" data-id=\"d8ab0c2\" data-element_type=\"widget\" data-e-type=\"widget\" data-widget_type=\"button.default\">\n\t\t\t\t<div class=\"elementor-widget-container\">\n\t\t\t\t\t\t\t\t\t<div class=\"elementor-button-wrapper\">\n\t\t\t\t\t<a class=\"elementor-button elementor-button-link elementor-size-sm\" href=\"tel:+4553527000\">\n\t\t\t\t\t\t<span class=\"elementor-button-content-wrapper\">\n\t\t\t\t\t\t<span class=\"elementor-button-icon\">\n\t\t\t\t<i aria-hidden=\"true\" class=\"fas fa-phone\"><\/i>\t\t\t<\/span>\n\t\t\t\t\t\t\t\t\t<span class=\"elementor-button-text\">+45 535 27000<\/span>\n\t\t\t\t\t<\/span>\n\t\t\t\t\t<\/a>\n\t\t\t\t<\/div>\n\t\t\t\t\t\t\t\t<\/div>\n\t\t\t\t<\/div>\n\t\t\t\t<div class=\"elementor-element elementor-element-8f2bf9b elementor-view-stacked elementor-shape-circle elementor-widget elementor-widget-icon\" data-id=\"8f2bf9b\" data-element_type=\"widget\" data-e-type=\"widget\" data-widget_type=\"icon.default\">\n\t\t\t\t<div class=\"elementor-widget-container\">\n\t\t\t\t\t\t\t<div class=\"elementor-icon-wrapper\">\n\t\t\t<a class=\"elementor-icon\" href=\"https:\/\/www.facebook.com\/Leaveamarkgroup\" target=\"_blank\">\n\t\t\t<i aria-hidden=\"true\" class=\"fab fa-facebook-f\"><\/i>\t\t\t<\/a>\n\t\t<\/div>\n\t\t\t\t\t\t<\/div>\n\t\t\t\t<\/div>\n\t\t\t\t<div class=\"elementor-element elementor-element-c345a32 elementor-view-stacked elementor-shape-circle elementor-widget elementor-widget-icon\" data-id=\"c345a32\" data-element_type=\"widget\" data-e-type=\"widget\" data-widget_type=\"icon.default\">\n\t\t\t\t<div class=\"elementor-widget-container\">\n\t\t\t\t\t\t\t<div class=\"elementor-icon-wrapper\">\n\t\t\t<a class=\"elementor-icon\" href=\"https:\/\/www.linkedin.com\/company\/leave-a-mark-consulting-group-aps\/\" target=\"_blank\">\n\t\t\t<i aria-hidden=\"true\" class=\"fab fa-linkedin-in\"><\/i>\t\t\t<\/a>\n\t\t<\/div>\n\t\t\t\t\t\t<\/div>\n\t\t\t\t<\/div>\n\t\t\t\t\t<\/div>\n\t\t\t\t<\/div>\n\t\t\t\t\t<\/div>\n\t\t\t\t<\/div>\n\t\t<div class=\"elementor-element elementor-element-65d31ff e-flex e-con-boxed e-con e-parent\" data-id=\"65d31ff\" data-element_type=\"container\" data-e-type=\"container\" data-settings=\"{&quot;background_background&quot;:&quot;classic&quot;}\">\n\t\t\t\t\t<div class=\"e-con-inner\">\n\t\t<div class=\"elementor-element elementor-element-d0a9213 e-con-full e-flex e-con e-child\" data-id=\"d0a9213\" data-element_type=\"container\" data-e-type=\"container\">\n\t\t\t\t<div class=\"elementor-element elementor-element-f362a68 elementor-widget elementor-widget-text-editor\" data-id=\"f362a68\" data-element_type=\"widget\" data-e-type=\"widget\" data-widget_type=\"text-editor.default\">\n\t\t\t\t<div class=\"elementor-widget-container\">\n\t\t\t\t\t\t\t\t\t<h2>Milj\u00f8m\u00e6ssige<\/h2><p>Vi vil minimere vores milj\u00f8p\u00e5virkning ved at:<\/p><ul><li>Reducere affald og \u00f8ge genanvendelse<\/li><li>Bevare energi og vand<\/li><li>Opfordre til b\u00e6redygtige transportmetoder<\/li><li>S\u00f8ge efter milj\u00f8venlige materialer og produkter, n\u00e5r det er muligt<\/li><\/ul><h2>Sociale<\/h2><p>Vi vil fremme social ansvarlighed ved at:<\/p><ul><li>Opretholde menneskerettigheder og fair arbejdspraksis<\/li><li>Respektere mangfoldighed og inklusion<\/li><li>St\u00f8tte lokale samfund gennem velg\u00f8renhed og frivilligt arbejde<\/li><li>Opretholde et sikkert og sundt arbejdsmilj\u00f8<\/li><\/ul><h2>Corporate governance<\/h2><p>Vi vil sikre st\u00e6rk styring og etisk adf\u00e6rd ved at:<\/p><ul><li>Opretholde h\u00f8je standarder for forretningsm\u00e6ssig etik og integritet<\/li><li>Opretholde gennemsigtig kommunikation med interessenter<\/li><li>Sikre uafh\u00e6ngighed og effektivitet af vores bestyrelse<\/li><li>Holde os selv ansvarlige for vores handlinger og beslutninger<\/li><\/ul><p>Vi vil regelm\u00e6ssigt overv\u00e5ge og gennemg\u00e5 vores ESG-pr\u00e6stationer og s\u00e6tte m\u00e5l for kontinuerlig forbedring. Vi vil ogs\u00e5 kommunikere vores ESG-politik og fremskridt til vores kunder, leverand\u00f8rer, medarbejdere og andre interessenter.<\/p><p>Underskrevet af Leave A Mark Group \u2013 ledelsen.<\/p>\t\t\t\t\t\t\t\t<\/div>\n\t\t\t\t<\/div>\n\t\t\t\t<\/div>\n\t\t\t\t\t<\/div>\n\t\t\t\t<\/div>\n\t\t\t\t<\/div>","protected":false},"excerpt":{"rendered":"<p>ESG-politik for Leave A Mark Group Leave A Mark Group forpligter sig til at fremme b\u00e6redygtige og etiske forretningspraksis i alle aspekter af vores drift og services. Vi anerkender betydningen af milj\u00f8m\u00e6ssige, sociale og corporate governance faktorer i at skabe langvarig v\u00e6rdi for vores interessenter og for samfundet som helhed. konsulent@leaveamarkgroup.com +45 535 27000 Milj\u00f8m\u00e6ssige [&hellip;]<\/p>\n","protected":false},"author":1,"featured_media":0,"parent":0,"menu_order":0,"comment_status":"closed","ping_status":"closed","template":"elementor_header_footer","meta":{"footnotes":""},"class_list":["post-1604","page","type-page","status-publish","hentry"],"yoast_head":"<!-- This site is optimized with the Yoast SEO plugin v27.3 - https:\/\/yoast.com\/product\/yoast-seo-wordpress\/ -->\n<title>ESG Politik - Leave A Mark Consulting Group<\/title>\n<meta name=\"robots\" content=\"index, follow, max-snippet:-1, max-image-preview:large, max-video-preview:-1\" \/>\n<link rel=\"canonical\" href=\"https:\/\/leaveamarkgroup.com\/en\/esg-politik\/\" \/>\n<meta property=\"og:locale\" content=\"en_GB\" \/>\n<meta property=\"og:type\" content=\"article\" \/>\n<meta property=\"og:title\" content=\"ESG Politik - Leave A Mark Consulting Group\" \/>\n<meta property=\"og:description\" content=\"ESG-politik for Leave A Mark Group Leave A Mark Group forpligter sig til at fremme b\u00e6redygtige og etiske forretningspraksis i alle aspekter af vores drift og services. Vi anerkender betydningen af milj\u00f8m\u00e6ssige, sociale og corporate governance faktorer i at skabe langvarig v\u00e6rdi for vores interessenter og for samfundet som helhed. konsulent@leaveamarkgroup.com +45 535 27000 Milj\u00f8m\u00e6ssige [&hellip;]\" \/>\n<meta property=\"og:url\" content=\"https:\/\/leaveamarkgroup.com\/en\/esg-politik\/\" \/>\n<meta property=\"og:site_name\" content=\"Leave A Mark Consulting Group\" \/>\n<meta property=\"article:modified_time\" content=\"2025-05-06T11:04:05+00:00\" \/>\n<meta name=\"twitter:card\" content=\"summary_large_image\" \/>\n<meta name=\"twitter:label1\" content=\"Estimated reading time\" \/>\n\t<meta name=\"twitter:data1\" content=\"2 minutes\" \/>\n<script type=\"application\/ld+json\" class=\"yoast-schema-graph\">{\"@context\":\"https:\\\/\\\/schema.org\",\"@graph\":[{\"@type\":\"WebPage\",\"@id\":\"https:\\\/\\\/leaveamarkgroup.com\\\/esg-politik\\\/\",\"url\":\"https:\\\/\\\/leaveamarkgroup.com\\\/esg-politik\\\/\",\"name\":\"ESG Politik - Leave A Mark Consulting Group\",\"isPartOf\":{\"@id\":\"https:\\\/\\\/leaveamarkgroup.com\\\/#website\"},\"datePublished\":\"2025-03-13T07:50:31+00:00\",\"dateModified\":\"2025-05-06T11:04:05+00:00\",\"breadcrumb\":{\"@id\":\"https:\\\/\\\/leaveamarkgroup.com\\\/esg-politik\\\/#breadcrumb\"},\"inLanguage\":\"en-GB\",\"potentialAction\":[{\"@type\":\"ReadAction\",\"target\":[\"https:\\\/\\\/leaveamarkgroup.com\\\/esg-politik\\\/\"]}]},{\"@type\":\"BreadcrumbList\",\"@id\":\"https:\\\/\\\/leaveamarkgroup.com\\\/esg-politik\\\/#breadcrumb\",\"itemListElement\":[{\"@type\":\"ListItem\",\"position\":1,\"name\":\"Forside\",\"item\":\"https:\\\/\\\/leaveamarkgroup.com\\\/\"},{\"@type\":\"ListItem\",\"position\":2,\"name\":\"ESG Politik\"}]},{\"@type\":\"WebSite\",\"@id\":\"https:\\\/\\\/leaveamarkgroup.com\\\/#website\",\"url\":\"https:\\\/\\\/leaveamarkgroup.com\\\/\",\"name\":\"Leave A Mark Consulting Group\",\"description\":\"\",\"publisher\":{\"@id\":\"https:\\\/\\\/leaveamarkgroup.com\\\/#organization\"},\"potentialAction\":[{\"@type\":\"SearchAction\",\"target\":{\"@type\":\"EntryPoint\",\"urlTemplate\":\"https:\\\/\\\/leaveamarkgroup.com\\\/?s={search_term_string}\"},\"query-input\":{\"@type\":\"PropertyValueSpecification\",\"valueRequired\":true,\"valueName\":\"search_term_string\"}}],\"inLanguage\":\"en-GB\"},{\"@type\":\"Organization\",\"@id\":\"https:\\\/\\\/leaveamarkgroup.com\\\/#organization\",\"name\":\"Leave A Mark Consulting Group\",\"url\":\"https:\\\/\\\/leaveamarkgroup.com\\\/\",\"logo\":{\"@type\":\"ImageObject\",\"inLanguage\":\"en-GB\",\"@id\":\"https:\\\/\\\/leaveamarkgroup.com\\\/#\\\/schema\\\/logo\\\/image\\\/\",\"url\":\"https:\\\/\\\/leaveamarkgroup.com\\\/wp-content\\\/uploads\\\/logo-primary.svg\",\"contentUrl\":\"https:\\\/\\\/leaveamarkgroup.com\\\/wp-content\\\/uploads\\\/logo-primary.svg\",\"width\":432,\"height\":195,\"caption\":\"Leave A Mark Consulting Group\"},\"image\":{\"@id\":\"https:\\\/\\\/leaveamarkgroup.com\\\/#\\\/schema\\\/logo\\\/image\\\/\"},\"sameAs\":[\"https:\\\/\\\/www.linkedin.com\\\/company\\\/leave-a-mark-consulting-group-aps\\\/?viewAsMember=true\"]}]}<\/script>\n<!-- \/ Yoast SEO plugin. -->","yoast_head_json":{"title":"ESG Politik - Leave A Mark Consulting Group","robots":{"index":"index","follow":"follow","max-snippet":"max-snippet:-1","max-image-preview":"max-image-preview:large","max-video-preview":"max-video-preview:-1"},"canonical":"https:\/\/leaveamarkgroup.com\/en\/esg-politik\/","og_locale":"en_GB","og_type":"article","og_title":"ESG Politik - Leave A Mark Consulting Group","og_description":"ESG-politik for Leave A Mark Group Leave A Mark Group forpligter sig til at fremme b\u00e6redygtige og etiske forretningspraksis i alle aspekter af vores drift og services. Vi anerkender betydningen af milj\u00f8m\u00e6ssige, sociale og corporate governance faktorer i at skabe langvarig v\u00e6rdi for vores interessenter og for samfundet som helhed. konsulent@leaveamarkgroup.com +45 535 27000 Milj\u00f8m\u00e6ssige [&hellip;]","og_url":"https:\/\/leaveamarkgroup.com\/en\/esg-politik\/","og_site_name":"Leave A Mark Consulting Group","article_modified_time":"2025-05-06T11:04:05+00:00","twitter_card":"summary_large_image","twitter_misc":{"Estimated reading time":"2 minutes"},"schema":{"@context":"https:\/\/schema.org","@graph":[{"@type":"WebPage","@id":"https:\/\/leaveamarkgroup.com\/esg-politik\/","url":"https:\/\/leaveamarkgroup.com\/esg-politik\/","name":"ESG Politik - Leave A Mark Consulting Group","isPartOf":{"@id":"https:\/\/leaveamarkgroup.com\/#website"},"datePublished":"2025-03-13T07:50:31+00:00","dateModified":"2025-05-06T11:04:05+00:00","breadcrumb":{"@id":"https:\/\/leaveamarkgroup.com\/esg-politik\/#breadcrumb"},"inLanguage":"en-GB","potentialAction":[{"@type":"ReadAction","target":["https:\/\/leaveamarkgroup.com\/esg-politik\/"]}]},{"@type":"BreadcrumbList","@id":"https:\/\/leaveamarkgroup.com\/esg-politik\/#breadcrumb","itemListElement":[{"@type":"ListItem","position":1,"name":"Forside","item":"https:\/\/leaveamarkgroup.com\/"},{"@type":"ListItem","position":2,"name":"ESG Politik"}]},{"@type":"WebSite","@id":"https:\/\/leaveamarkgroup.com\/#website","url":"https:\/\/leaveamarkgroup.com\/","name":"Leave A Mark Consulting Group","description":"","publisher":{"@id":"https:\/\/leaveamarkgroup.com\/#organization"},"potentialAction":[{"@type":"SearchAction","target":{"@type":"EntryPoint","urlTemplate":"https:\/\/leaveamarkgroup.com\/?s={search_term_string}"},"query-input":{"@type":"PropertyValueSpecification","valueRequired":true,"valueName":"search_term_string"}}],"inLanguage":"en-GB"},{"@type":"Organization","@id":"https:\/\/leaveamarkgroup.com\/#organization","name":"Leave A Mark Consulting Group","url":"https:\/\/leaveamarkgroup.com\/","logo":{"@type":"ImageObject","inLanguage":"en-GB","@id":"https:\/\/leaveamarkgroup.com\/#\/schema\/logo\/image\/","url":"https:\/\/leaveamarkgroup.com\/wp-content\/uploads\/logo-primary.svg","contentUrl":"https:\/\/leaveamarkgroup.com\/wp-content\/uploads\/logo-primary.svg","width":432,"height":195,"caption":"Leave A Mark Consulting Group"},"image":{"@id":"https:\/\/leaveamarkgroup.com\/#\/schema\/logo\/image\/"},"sameAs":["https:\/\/www.linkedin.com\/company\/leave-a-mark-consulting-group-aps\/?viewAsMember=true"]}]}},"_links":{"self":[{"href":"https:\/\/leaveamarkgroup.com\/en\/wp-json\/wp\/v2\/pages\/1604","targetHints":{"allow":["GET"]}}],"collection":[{"href":"https:\/\/leaveamarkgroup.com\/en\/wp-json\/wp\/v2\/pages"}],"about":[{"href":"https:\/\/leaveamarkgroup.com\/en\/wp-json\/wp\/v2\/types\/page"}],"author":[{"embeddable":true,"href":"https:\/\/leaveamarkgroup.com\/en\/wp-json\/wp\/v2\/users\/1"}],"replies":[{"embeddable":true,"href":"https:\/\/leaveamarkgroup.com\/en\/wp-json\/wp\/v2\/comments?post=1604"}],"version-history":[{"count":13,"href":"https:\/\/leaveamarkgroup.com\/en\/wp-json\/wp\/v2\/pages\/1604\/revisions"}],"predecessor-version":[{"id":2733,"href":"https:\/\/leaveamarkgroup.com\/en\/wp-json\/wp\/v2\/pages\/1604\/revisions\/2733"}],"wp:attachment":[{"href":"https:\/\/leaveamarkgroup.com\/en\/wp-json\/wp\/v2\/media?parent=1604"}],"curies":[{"name":"wp","href":"https:\/\/api.w.org\/{rel}","templated":true}]}}